{"id":89,"date":"2015-01-24T19:58:25","date_gmt":"2015-01-24T19:58:25","guid":{"rendered":"http:\/\/www.headshock.de\/vonrothkirch\/?page_id=89"},"modified":"2023-03-11T14:25:36","modified_gmt":"2023-03-11T14:25:36","slug":"persoenlichkeiten","status":"publish","type":"page","link":"https:\/\/rot-h-kirch.de\/?page_id=89","title":{"rendered":"Pers\u00f6nlichkeiten"},"content":{"rendered":"<div class=\"page\" title=\"Page 1\">\n<div class=\"section\">\n<div class=\"layoutArea\">\n<div class=\"column\">\n<p>Aus der Reihe der Rot(h)kirchs, die sich auf den verschiedensten Gebieten im Laufe der Zeit verdient gemacht haben, seien chronologisch einige hier beispielhaft genannt. Hinter den jeweiligen Namen finden sich die Stammnummern aus dem Stammbaum und Namenverzeichnis der Familie. N\u00e4heres enth\u00e4lt die Familiengeschichte, 1990 erg\u00e4nzt und neu herausgegeben von Friedrich-Eberhard (1915 &#8211; 2008), Celle:<\/p>\n<p><strong>Stephan<\/strong> (I.25) lebte um 1500 in der N\u00e4he von Goldberg bei Liegnitz. Zahlreiche historische Quellen deuten darauf hin, dass er ein Kampfgenosse eines ber\u00fcchtigten schlesischen Raubritters, des <a href=\"https:\/\/rot-h-kirch.de\/wp-content\/uploads\/2015\/01\/Der-schwarze-Christoph.pdf\" target=\"_blank\" rel=\"noopener noreferrer\">&#8222;Schwarzen Christoph&#8220;<\/a>, gewesen sein k\u00f6nnte.<\/p>\n<p><strong>Wolf<\/strong> (1573 &#8211; 1619) war durch die von ihm geschaffene Goldberger Stiftung der Begr\u00fcnder des 1620 entstandenen Familienverbandes. Stiftungszweck war eine Unterst\u00fctzung bei der Ausbildung junger Familienangeh\u00f6riger.<\/p>\n<p><strong>Hans<\/strong> (um 1590 -1654) wanderte von Jeschkendorf in Schlesien nach Schweden aus, nahm im drei\u00dfigj\u00e4hrigen Krieg an der Schlacht bei L\u00fctzen teil und begr\u00fcndete die skandinavische Linie.<\/p>\n<p>Sein j\u00fcngerer Bruder <strong>Wenzel<\/strong> (1597-1655) rettete 1625 dem d\u00e4nischen K\u00f6nig Christian IV. in der Schlacht bei Lutter am Barenberge das Leben und wurde sp\u00e4ter Hofmarschall des K\u00f6nigs.<\/p>\n<p><a href=\"https:\/\/i0.wp.com\/www.vonrothkirch.de\/vonrothkirch\/wp-content\/uploads\/2015\/01\/cropped-118_436.jpg\"><img decoding=\"async\" loading=\"lazy\" class=\"alignnone wp-image-33\" src=\"https:\/\/i0.wp.com\/www.vonrothkirch.de\/vonrothkirch\/wp-content\/uploads\/2015\/01\/cropped-118_436-150x150.jpg?resize=188%2C188\" alt=\"cropped-118_436.jpg\" width=\"188\" height=\"188\" srcset=\"https:\/\/i0.wp.com\/rot-h-kirch.de\/wp-content\/uploads\/2015\/01\/cropped-118_436.jpg?resize=150%2C150&amp;ssl=1 150w, https:\/\/i0.wp.com\/rot-h-kirch.de\/wp-content\/uploads\/2015\/01\/cropped-118_436.jpg?zoom=2&amp;resize=188%2C188&amp;ssl=1 376w, https:\/\/i0.wp.com\/rot-h-kirch.de\/wp-content\/uploads\/2015\/01\/cropped-118_436.jpg?zoom=3&amp;resize=188%2C188&amp;ssl=1 564w\" sizes=\"(max-width: 188px) 100vw, 188px\" data-recalc-dims=\"1\" \/><\/a><\/p>\n<p><strong>Johann<\/strong> (1710-1782) leistete als Pr\u00e4sident des herzoglich-w\u00fcrttembergischen Ratskollegiums und sp\u00e4ter als herzoglich<br \/>\nsachsen-altenburgischer Staatsminister einen wesentlichen Beitrag zur Sanierung des Landes nach dem siebenj\u00e4hrigen Krieg.<\/p>\n<p>Die preu\u00dfischen Generale <strong>Hans-Christoph<\/strong> (1717-1785) und sein Bruder <strong>Friedrich-Alexander<\/strong> (1727-1785) waren verdienstvolle Offiziere.<\/p>\n<p><strong>Anton<\/strong> (1739-1805) aus der im 19. Jahrhundert erloschenen Linie H\u00f6nigsdorf wurde 1781 Weihbischof von Breslau.<\/p>\n<p><strong>Leonhard<\/strong> (1773-1842) war Generalstabschef der k.u.k. \u00f6sterreichischen Armee.<\/p>\n<p><strong>Carl Fredrik<\/strong> (1775-1832), in den Finnischen Freiherrenstand erhoben, war\u00a0Pr\u00e4sident des Wasa-Hofgerichts.<\/p>\n<p>Seine Tochter <strong>Mathilda<\/strong> (1813-1841)<\/p>\n<p><a href=\"http:\/\/paintingdb.com\/view\/7337\/\"><img decoding=\"async\" loading=\"lazy\" class=\" wp-image-31 alignleft\" src=\"https:\/\/i0.wp.com\/www.vonrothkirch.de\/vonrothkirch\/wp-content\/uploads\/2015\/01\/Matilda1-150x150.jpg?resize=192%2C192\" alt=\"Matilda\" width=\"192\" height=\"192\" srcset=\"https:\/\/i0.wp.com\/rot-h-kirch.de\/wp-content\/uploads\/2015\/01\/Matilda1.jpg?resize=150%2C150&amp;ssl=1 150w, https:\/\/i0.wp.com\/rot-h-kirch.de\/wp-content\/uploads\/2015\/01\/Matilda1.jpg?zoom=2&amp;resize=192%2C192&amp;ssl=1 384w\" sizes=\"(max-width: 192px) 100vw, 192px\" data-recalc-dims=\"1\" \/><\/a><\/p>\n<p>war die erste bedeutende Malerin Finnlands,<\/p>\n<p><strong>Gustaf Fredrik<\/strong> (1815-1884), Genealoge und finnischer Pr\u00e4sident des Hofgerichts.<\/p>\n<p><strong>Valerius<\/strong> (1832 &#8211; 1883) gab 1879 die erste Familiengeschichte als gedrucktes Werk heraus.<\/p>\n<\/div>\n<div class=\"column\">\n<p><strong>Friedrich<\/strong> (1826-1886) wurde in der Schweiz als Betriebswirt und Sozialwissenschaftler unter dem Pseudonym <strong>Friedrich v. Tauer<\/strong> bekannt. Er gr\u00fcndete die Schweizerische Eisenbahn- und Handelszeitung (heute Schweizerische Handelszeitung).<\/p>\n<\/div>\n<\/div>\n<div class=\"layoutArea\">\n<div class=\"column\">\n<p><strong><img decoding=\"async\" loading=\"lazy\" class=\"size-thumbnail wp-image-30 alignleft\" src=\"https:\/\/i0.wp.com\/www.vonrothkirch.de\/vonrothkirch\/wp-content\/uploads\/2015\/01\/Eberhard-150x150.jpg?resize=150%2C150\" alt=\"Eberhard\" width=\"150\" height=\"150\" srcset=\"https:\/\/i0.wp.com\/rot-h-kirch.de\/wp-content\/uploads\/2015\/01\/Eberhard.jpg?resize=150%2C150&amp;ssl=1 150w, https:\/\/i0.wp.com\/rot-h-kirch.de\/wp-content\/uploads\/2015\/01\/Eberhard.jpg?zoom=2&amp;resize=150%2C150&amp;ssl=1 300w\" sizes=\"(max-width: 150px) 100vw, 150px\" data-recalc-dims=\"1\" \/>Eberhard<\/strong>, (1852-1911) im deutsch-franz\u00f6sischen Krieg 1870 als 18j\u00e4hriger bei Sedan schwer verwundet, wurde preu\u00dfischer Forstmeister, war 1883 Mitbegr\u00fcnder des CVJM in Berlin und dessen erster Pr\u00e4sident.<\/p>\n<p>Aus dem 20. Jahrhundert seien genannt <strong>Friedrich-Wilhelm<\/strong> (1884-1953), Generalleutnant,\u00a0und<strong> Edwin<\/strong> (1888-1980), General der Kavallerie, nach dem Krieg Vorstandsmitglied des deutschen\u00a0Olympischen Komitees f\u00fcr Reiterei.<\/p>\n<p><strong>Karl-Christoph<\/strong> (1920-2006) Dokumentar, Bibliotheksdirektor, Senior des Familienverbands 1973- 1993. Er war der Initiator der &#8222;Wiederbelebung&#8220; der Vetternschaft von Wahlstatt.<\/p>\n<p><strong>Thilo<\/strong> (1948- 2014) Regisseur und Produzent von zahlreichen Animationsfilmen und TV-Serien f\u00fcr Kinder. Thilo wurde 2005 mit dem deutschen Filmpreis ausgezeichnet. Ein <a href=\"https:\/\/www.youtube.com\/watch?v=WPi81HZFY3Y\" target=\"_blank\" rel=\"noopener noreferrer\">Video-Interview<\/a> mit Thilo aus dem Jahre 2008 gibt spannende Einblicke in seine T\u00e4tigkeit.<\/p>\n<\/div>\n<\/div>\n<\/div>\n<\/div>\n","protected":false},"excerpt":{"rendered":"<p>Aus der Reihe der Rot(h)kirchs, die sich auf den verschiedensten Gebieten im Laufe der Zeit verdient gemacht haben, seien chronologisch einige hier beispielhaft genannt. Hinter den jeweiligen Namen finden sich die Stammnummern aus dem Stammbaum und Namenverzeichnis der Familie. N\u00e4heres enth\u00e4lt die Familiengeschichte, 1990 erg\u00e4nzt und neu herausgegeben von Friedrich-Eberhard (1915 &#8211; 2008), Celle: Stephan &hellip; <a href=\"https:\/\/rot-h-kirch.de\/?page_id=89\" class=\"more-link\"><span class=\"screen-reader-text\">Pers\u00f6nlichkeiten<\/span> weiterlesen<\/a><\/p>\n","protected":false},"author":1,"featured_media":0,"parent":11,"menu_order":0,"comment_status":"closed","ping_status":"closed","template":"","meta":{"footnotes":""},"_links":{"self":[{"href":"https:\/\/rot-h-kirch.de\/index.php?rest_route=\/wp\/v2\/pages\/89"}],"collection":[{"href":"https:\/\/rot-h-kirch.de\/index.php?rest_route=\/wp\/v2\/pages"}],"about":[{"href":"https:\/\/rot-h-kirch.de\/index.php?rest_route=\/wp\/v2\/types\/page"}],"author":[{"embeddable":true,"href":"https:\/\/rot-h-kirch.de\/index.php?rest_route=\/wp\/v2\/users\/1"}],"replies":[{"embeddable":true,"href":"https:\/\/rot-h-kirch.de\/index.php?rest_route=%2Fwp%2Fv2%2Fcomments&post=89"}],"version-history":[{"count":16,"href":"https:\/\/rot-h-kirch.de\/index.php?rest_route=\/wp\/v2\/pages\/89\/revisions"}],"predecessor-version":[{"id":986,"href":"https:\/\/rot-h-kirch.de\/index.php?rest_route=\/wp\/v2\/pages\/89\/revisions\/986"}],"up":[{"embeddable":true,"href":"https:\/\/rot-h-kirch.de\/index.php?rest_route=\/wp\/v2\/pages\/11"}],"wp:attachment":[{"href":"https:\/\/rot-h-kirch.de\/index.php?rest_route=%2Fwp%2Fv2%2Fmedia&parent=89"}],"curies":[{"name":"wp","href":"https:\/\/api.w.org\/{rel}","templated":true}]}}