{"id":81,"date":"2015-01-24T18:02:50","date_gmt":"2015-01-24T18:02:50","guid":{"rendered":"http:\/\/headsh.han-solo.net\/vonrothkirch\/?page_id=81"},"modified":"2024-12-20T14:31:57","modified_gmt":"2024-12-20T14:31:57","slug":"die-stammhaeuser-der-familie","status":"publish","type":"page","link":"https:\/\/rot-h-kirch.de\/?page_id=81","title":{"rendered":"Die Stammh\u00e4user der Familie"},"content":{"rendered":"\n<p>Folgende f\u00fcnf Stammh\u00e4user in Schlesien, nach denen die heute noch&nbsp;existierenden Zweige der Familie benannt sind, waren etwa von der Mitte des 18. Jahrhunderts bis 1945 im Besitz der Familie:<a href=\"https:\/\/rot-h-kirch.de\/?page_id=579\"><strong> Rothkirch<\/strong><\/a>, <a href=\"https:\/\/rot-h-kirch.de\/?page_id=571\"><strong>B\u00e4rsdorf<\/strong><\/a> und <a href=\"https:\/\/rot-h-kirch.de\/?page_id=559\"><strong>Panthenau<\/strong><\/a> (westlich von Liegnitz); <a href=\"https:\/\/rot-h-kirch.de\/?page_id=595\"><strong>Massel<\/strong><\/a> , n\u00f6rdlich von Breslau im Kreis Trebnitz&nbsp;und <a href=\"https:\/\/rot-h-kirch.de\/?page_id=599\"><strong>Schottgau<\/strong><\/a> (s\u00fcdwestlich von Breslau). Genealogisch geh\u00f6ren diese f\u00fcnf H\u00e4user zur Linie Spr\u00f6ttichen.<\/p>\n\n\n\n<p>Dr. phil. Dorotheus Graf Rothkirch-Trach hat 1990 f\u00fcr die Neuauflage der Familiengeschichte architektur- und familienhistorische Abhandlungen zu jedem der Stammh\u00e4user der Familie verfasst, die sich nachfolgend nachlesen lassen.<\/p>\n\n\n<div class=\"wp-block-image\">\n<figure class=\"alignleft is-resized\"><a href=\"https:\/\/i0.wp.com\/rot-h-kirch.de\/wp-content\/uploads\/2015\/01\/B\u00e4rsdorf1910.jpg?ssl=1\" rel=\"noopener\"><img decoding=\"async\" loading=\"lazy\" width=\"300\" height=\"121\" src=\"https:\/\/i0.wp.com\/rot-h-kirch.de\/wp-content\/uploads\/2015\/01\/B\u00e4rsdorf1910.jpg?resize=300%2C121&#038;ssl=1\" alt=\"B\u00e4rsdorf1910\" class=\"wp-image-113\" style=\"width:656px;height:264px\" srcset=\"https:\/\/i0.wp.com\/rot-h-kirch.de\/wp-content\/uploads\/2015\/01\/B\u00e4rsdorf1910.jpg?resize=300%2C121&amp;ssl=1 300w, https:\/\/i0.wp.com\/rot-h-kirch.de\/wp-content\/uploads\/2015\/01\/B\u00e4rsdorf1910.jpg?resize=1024%2C412&amp;ssl=1 1024w, https:\/\/i0.wp.com\/rot-h-kirch.de\/wp-content\/uploads\/2015\/01\/B\u00e4rsdorf1910.jpg?w=1618&amp;ssl=1 1618w, https:\/\/i0.wp.com\/rot-h-kirch.de\/wp-content\/uploads\/2015\/01\/B\u00e4rsdorf1910.jpg?w=1320&amp;ssl=1 1320w\" sizes=\"(max-width: 300px) 100vw, 300px\" data-recalc-dims=\"1\" \/><\/a><\/figure><\/div>\n\n\n<p><strong><a href=\"https:\/\/rot-h-kirch.de\/?page_id=571\">B\u00e4rsdorf<\/a><\/strong><\/p>\n\n\n\n<figure class=\"wp-block-image size-large is-resized\"><img decoding=\"async\" loading=\"lazy\" width=\"660\" height=\"506\" src=\"https:\/\/i0.wp.com\/rot-h-kirch.de\/wp-content\/uploads\/2015\/01\/1Massel.jpg?resize=660%2C506&#038;ssl=1\" alt=\"\" class=\"wp-image-34\" style=\"width:655px;height:501px\" srcset=\"https:\/\/i0.wp.com\/rot-h-kirch.de\/wp-content\/uploads\/2015\/01\/1Massel.jpg?w=800&amp;ssl=1 800w, https:\/\/i0.wp.com\/rot-h-kirch.de\/wp-content\/uploads\/2015\/01\/1Massel.jpg?resize=300%2C230&amp;ssl=1 300w\" sizes=\"(max-width: 660px) 100vw, 660px\" data-recalc-dims=\"1\" \/><\/figure>\n\n\n\n<p><strong><a href=\"https:\/\/rot-h-kirch.de\/?page_id=595\">Massel<\/a><\/strong><\/p>\n\n\n\n<figure class=\"wp-block-image size-large is-resized\"><img decoding=\"async\" loading=\"lazy\" width=\"660\" height=\"372\" src=\"https:\/\/i0.wp.com\/rot-h-kirch.de\/wp-content\/uploads\/2015\/01\/Rothkirch010515_Snapseed.jpg?resize=660%2C372&#038;ssl=1\" alt=\"\" class=\"wp-image-419\" style=\"width:658px;height:369px\" srcset=\"https:\/\/i0.wp.com\/rot-h-kirch.de\/wp-content\/uploads\/2015\/01\/Rothkirch010515_Snapseed.jpg?w=803&amp;ssl=1 803w, https:\/\/i0.wp.com\/rot-h-kirch.de\/wp-content\/uploads\/2015\/01\/Rothkirch010515_Snapseed.jpg?resize=300%2C169&amp;ssl=1 300w\" sizes=\"(max-width: 660px) 100vw, 660px\" data-recalc-dims=\"1\" \/><\/figure>\n\n\n\n<p><strong><a href=\"https:\/\/rot-h-kirch.de\/?page_id=579\">Rothkirch<\/a><\/strong><\/p>\n\n\n\n<figure class=\"wp-block-image size-large is-resized\"><img decoding=\"async\" loading=\"lazy\" width=\"660\" height=\"449\" src=\"https:\/\/i0.wp.com\/rot-h-kirch.de\/wp-content\/uploads\/2015\/01\/Panthenau.jpg?resize=660%2C449&#038;ssl=1\" alt=\"\" class=\"wp-image-114\" style=\"width:658px;height:448px\" srcset=\"https:\/\/i0.wp.com\/rot-h-kirch.de\/wp-content\/uploads\/2015\/01\/Panthenau.jpg?resize=1024%2C697&amp;ssl=1 1024w, https:\/\/i0.wp.com\/rot-h-kirch.de\/wp-content\/uploads\/2015\/01\/Panthenau.jpg?resize=300%2C204&amp;ssl=1 300w, https:\/\/i0.wp.com\/rot-h-kirch.de\/wp-content\/uploads\/2015\/01\/Panthenau.jpg?w=1320&amp;ssl=1 1320w\" sizes=\"(max-width: 660px) 100vw, 660px\" data-recalc-dims=\"1\" \/><figcaption class=\"wp-element-caption\">Panthenau, Dunckersches  Schl\u00f6sseralbum<\/figcaption><\/figure>\n\n\n\n<p><strong><a href=\"https:\/\/rot-h-kirch.de\/?page_id=559\">Panthenau<\/a><\/strong><\/p>\n\n\n<div class=\"wp-block-image\">\n<figure class=\"alignleft size-large\"><a href=\"https:\/\/i0.wp.com\/rot-h-kirch.de\/wp-content\/uploads\/2015\/01\/Schottgau.jpg?ssl=1\"><img decoding=\"async\" loading=\"lazy\" width=\"660\" height=\"434\" src=\"https:\/\/i0.wp.com\/rot-h-kirch.de\/wp-content\/uploads\/2020\/07\/Schottgau.jpg?resize=660%2C434&#038;ssl=1\" alt=\"\" class=\"wp-image-751\" srcset=\"https:\/\/i0.wp.com\/rot-h-kirch.de\/wp-content\/uploads\/2020\/07\/Schottgau-scaled.jpg?resize=1024%2C674&amp;ssl=1 1024w, https:\/\/i0.wp.com\/rot-h-kirch.de\/wp-content\/uploads\/2020\/07\/Schottgau-scaled.jpg?resize=300%2C198&amp;ssl=1 300w, https:\/\/i0.wp.com\/rot-h-kirch.de\/wp-content\/uploads\/2020\/07\/Schottgau-scaled.jpg?resize=768%2C506&amp;ssl=1 768w, https:\/\/i0.wp.com\/rot-h-kirch.de\/wp-content\/uploads\/2020\/07\/Schottgau-scaled.jpg?resize=1536%2C1011&amp;ssl=1 1536w, https:\/\/i0.wp.com\/rot-h-kirch.de\/wp-content\/uploads\/2020\/07\/Schottgau-scaled.jpg?resize=2048%2C1349&amp;ssl=1 2048w, https:\/\/i0.wp.com\/rot-h-kirch.de\/wp-content\/uploads\/2020\/07\/Schottgau-scaled.jpg?w=1320&amp;ssl=1 1320w, https:\/\/i0.wp.com\/rot-h-kirch.de\/wp-content\/uploads\/2020\/07\/Schottgau-scaled.jpg?w=1980&amp;ssl=1 1980w\" sizes=\"(max-width: 660px) 100vw, 660px\" data-recalc-dims=\"1\" \/><\/a><figcaption class=\"wp-element-caption\">Schottgau um 1930, Tuschzeichnung von Elly v. Rothkirch<\/figcaption><\/figure><\/div>\n\n\n<p><strong><a href=\"https:\/\/rot-h-kirch.de\/?page_id=599\">Schottgau<\/a><\/strong><\/p>\n\n\n\n<p>Die Stammh\u00e4user der Familie in Schlesien blieben 1945 teils erhalten (Rothkirch und Schottgau), teils wurden sie durch Kriegshandlungen ganz (Massel), weitgehend (Panthenau) oder teilweise (B\u00e4rsdorf) zerst\u00f6rt.<\/p>\n\n\n\n<p>Herr Tomasz Mietlicki, Glogau, hat 2007 im Rahmen einer gro\u00dfangelegten <a href=\"http:\/\/www.glogow.pl\/okolice\/podstrony\/legnicki\/niedzwiedzice.htm\">Inventur niederschlesischer Baudenkm\u00e4ler<\/a> aus deutscher Zeit unter anderem die Rothkirchschen Stammh\u00e4user &#8211; unterst\u00fctzt durch Dietlind v. Bernuth &#8211; mit zahlreichen Abbildungen dokumentiert. <\/p>\n\n\n\n<p><\/p>\n","protected":false},"excerpt":{"rendered":"<p>Folgende f\u00fcnf Stammh\u00e4user in Schlesien, nach denen die heute noch&nbsp;existierenden Zweige der Familie benannt sind, waren etwa von der Mitte des 18. Jahrhunderts bis 1945 im Besitz der Familie: Rothkirch, B\u00e4rsdorf und Panthenau (westlich von Liegnitz); Massel , n\u00f6rdlich von Breslau im Kreis Trebnitz&nbsp;und Schottgau (s\u00fcdwestlich von Breslau). Genealogisch geh\u00f6ren diese f\u00fcnf H\u00e4user zur Linie &hellip; <a href=\"https:\/\/rot-h-kirch.de\/?page_id=81\" class=\"more-link\"><span class=\"screen-reader-text\">Die Stammh\u00e4user der Familie<\/span> weiterlesen<\/a><\/p>\n","protected":false},"author":1,"featured_media":0,"parent":11,"menu_order":0,"comment_status":"closed","ping_status":"closed","template":"","meta":{"footnotes":""},"_links":{"self":[{"href":"https:\/\/rot-h-kirch.de\/index.php?rest_route=\/wp\/v2\/pages\/81"}],"collection":[{"href":"https:\/\/rot-h-kirch.de\/index.php?rest_route=\/wp\/v2\/pages"}],"about":[{"href":"https:\/\/rot-h-kirch.de\/index.php?rest_route=\/wp\/v2\/types\/page"}],"author":[{"embeddable":true,"href":"https:\/\/rot-h-kirch.de\/index.php?rest_route=\/wp\/v2\/users\/1"}],"replies":[{"embeddable":true,"href":"https:\/\/rot-h-kirch.de\/index.php?rest_route=%2Fwp%2Fv2%2Fcomments&post=81"}],"version-history":[{"count":26,"href":"https:\/\/rot-h-kirch.de\/index.php?rest_route=\/wp\/v2\/pages\/81\/revisions"}],"predecessor-version":[{"id":1011,"href":"https:\/\/rot-h-kirch.de\/index.php?rest_route=\/wp\/v2\/pages\/81\/revisions\/1011"}],"up":[{"embeddable":true,"href":"https:\/\/rot-h-kirch.de\/index.php?rest_route=\/wp\/v2\/pages\/11"}],"wp:attachment":[{"href":"https:\/\/rot-h-kirch.de\/index.php?rest_route=%2Fwp%2Fv2%2Fmedia&parent=81"}],"curies":[{"name":"wp","href":"https:\/\/api.w.org\/{rel}","templated":true}]}}