{"id":804,"date":"2020-07-16T19:50:32","date_gmt":"2020-07-16T19:50:32","guid":{"rendered":"https:\/\/rot-h-kirch.de\/?page_id=804"},"modified":"2020-07-17T21:30:20","modified_gmt":"2020-07-17T21:30:20","slug":"anton-ferdinand","status":"publish","type":"page","link":"https:\/\/rot-h-kirch.de\/?page_id=804","title":{"rendered":"Anton Ferdinand"},"content":{"rendered":"\n<p class=\"MsoBodyTextFirstIndent2\">Anton Ferdinand von Rothkirch und Panthen (I. 326)<\/p>\n\n\n\n<p class=\"MsoBodyText\">Bischof von Paphos und Weihbischof von Breslau<\/p>\n\n\n\n<p class=\"MsoBodyTextFirstIndent\">Eine Silber-Medaille aus dem Jahr 1781 zeigt das Rothkirch\u2019sche Wappen mit den drei Adlerk\u00f6pfen, verbunden mit der Mitra und dem Bischofsstab.(3)<\/p>\n\n\n\n<figure class=\"wp-block-image size-large\"><img decoding=\"async\" loading=\"lazy\" width=\"660\" height=\"325\" src=\"https:\/\/i0.wp.com\/rot-h-kirch.de\/wp-content\/uploads\/2020\/07\/IMG_7779.jpg?resize=660%2C325&#038;ssl=1\" alt=\"\" class=\"wp-image-845\" srcset=\"https:\/\/i0.wp.com\/rot-h-kirch.de\/wp-content\/uploads\/2020\/07\/IMG_7779.jpg?resize=1024%2C505&amp;ssl=1 1024w, https:\/\/i0.wp.com\/rot-h-kirch.de\/wp-content\/uploads\/2020\/07\/IMG_7779.jpg?resize=300%2C148&amp;ssl=1 300w, https:\/\/i0.wp.com\/rot-h-kirch.de\/wp-content\/uploads\/2020\/07\/IMG_7779.jpg?resize=768%2C379&amp;ssl=1 768w, https:\/\/i0.wp.com\/rot-h-kirch.de\/wp-content\/uploads\/2020\/07\/IMG_7779.jpg?w=1134&amp;ssl=1 1134w\" sizes=\"(max-width: 660px) 100vw, 660px\" data-recalc-dims=\"1\" \/><\/figure>\n\n\n\n<p class=\"MsoBodyTextFirstIndent\">Die Medaille ehrt Anton Ferdinand von Rothkirch und Panthen anl\u00e4\u00dflich seiner Erhebung zum Weihbischof der Di\u00f6cese Breslau, zum Apostolischen Vikar f\u00fcr den im Exil auf Schlo\u00df Johannesberg lebenden F\u00fcrstbischof Schaffgotsch und zum Bischof von Paphos \u201ein part. infidel.\u201c(1)<\/p>\n\n\n\n<p class=\"MsoBodyTextFirstIndent\">Anton Ferdinand wurde am 14. Juli 1739 zu H\u00f6nigsdorf bei Grottkau in \u00d6sterreichisch-Schlesien geboren. Er war der \u00e4lteste Sohn von Ferdinand von Rothkirch und Panthen (I. 279) und dessen Gemahlin Josepha geb. von Strachwitz.<\/p>\n\n\n\n<p class=\"MsoBodyTextFirstIndent\">Nach dem theologischen Studium in Nei\u00dfe und in Breslau kam Anton im Jahr 1757 in das Germanicum nach Rom. Am 19. M\u00e4rz 1763 fand in Breslau seine Weihe zum Priester statt, \u201ewo er bereits seit dem Jahr 1756 ein Kanonikat besa\u00df.\u201c(2)<\/p>\n\n\n\n<p class=\"MsoBodyTextFirstIndent\">Am 19. August des Jahres 1781 erfolgte seine Bischofsweihe im Dom zu Breslau. Seine Firmungs-Reisen f\u00fchrten ihn bald durch Nieder-. und Ober-Schlesien.<\/p>\n\n\n\n<p class=\"MsoBodyTextFirstIndent\">1786 huldigte er K\u00f6nig Friedrich Wilhelm II. von Preu\u00dfen in Vertretung des F\u00fcrstbischofs von Breslau als F\u00fcrsten von Nei\u00dfe und Grottkau.<\/p>\n\n\n\n<p class=\"MsoBodyTextFirstIndent\">Am 12. April 1805 starb Bischof Anton Ferdinand in Breslau und wurde im dortigen Dom beigesetzt.<\/p>\n","protected":false},"excerpt":{"rendered":"<p>Anton Ferdinand von Rothkirch und Panthen (I. 326) Bischof von Paphos und Weihbischof von Breslau Eine Silber-Medaille aus dem Jahr 1781 zeigt das Rothkirch\u2019sche Wappen mit den drei Adlerk\u00f6pfen, verbunden mit der Mitra und dem Bischofsstab.(3) Die Medaille ehrt Anton Ferdinand von Rothkirch und Panthen anl\u00e4\u00dflich seiner Erhebung zum Weihbischof der Di\u00f6cese Breslau, zum Apostolischen &hellip; <a href=\"https:\/\/rot-h-kirch.de\/?page_id=804\" class=\"more-link\"><span class=\"screen-reader-text\">Anton Ferdinand<\/span> weiterlesen<\/a><\/p>\n","protected":false},"author":1,"featured_media":0,"parent":89,"menu_order":0,"comment_status":"closed","ping_status":"open","template":"","meta":{"footnotes":""},"_links":{"self":[{"href":"https:\/\/rot-h-kirch.de\/index.php?rest_route=\/wp\/v2\/pages\/804"}],"collection":[{"href":"https:\/\/rot-h-kirch.de\/index.php?rest_route=\/wp\/v2\/pages"}],"about":[{"href":"https:\/\/rot-h-kirch.de\/index.php?rest_route=\/wp\/v2\/types\/page"}],"author":[{"embeddable":true,"href":"https:\/\/rot-h-kirch.de\/index.php?rest_route=\/wp\/v2\/users\/1"}],"replies":[{"embeddable":true,"href":"https:\/\/rot-h-kirch.de\/index.php?rest_route=%2Fwp%2Fv2%2Fcomments&post=804"}],"version-history":[{"count":4,"href":"https:\/\/rot-h-kirch.de\/index.php?rest_route=\/wp\/v2\/pages\/804\/revisions"}],"predecessor-version":[{"id":846,"href":"https:\/\/rot-h-kirch.de\/index.php?rest_route=\/wp\/v2\/pages\/804\/revisions\/846"}],"up":[{"embeddable":true,"href":"https:\/\/rot-h-kirch.de\/index.php?rest_route=\/wp\/v2\/pages\/89"}],"wp:attachment":[{"href":"https:\/\/rot-h-kirch.de\/index.php?rest_route=%2Fwp%2Fv2%2Fmedia&parent=804"}],"curies":[{"name":"wp","href":"https:\/\/api.w.org\/{rel}","templated":true}]}}