{"id":595,"date":"2020-07-09T11:44:58","date_gmt":"2020-07-09T11:44:58","guid":{"rendered":"https:\/\/rot-h-kirch.de\/?page_id=595"},"modified":"2020-07-12T11:29:04","modified_gmt":"2020-07-12T11:29:04","slug":"massel","status":"publish","type":"page","link":"https:\/\/rot-h-kirch.de\/?page_id=595","title":{"rendered":"Massel"},"content":{"rendered":"\n<figure class=\"wp-block-image size-large\"><img decoding=\"async\" loading=\"lazy\" width=\"660\" height=\"506\" src=\"https:\/\/i0.wp.com\/rot-h-kirch.de\/wp-content\/uploads\/2015\/01\/1Massel.jpg?resize=660%2C506&#038;ssl=1\" alt=\"\" class=\"wp-image-34\" srcset=\"https:\/\/i0.wp.com\/rot-h-kirch.de\/wp-content\/uploads\/2015\/01\/1Massel.jpg?w=800&amp;ssl=1 800w, https:\/\/i0.wp.com\/rot-h-kirch.de\/wp-content\/uploads\/2015\/01\/1Massel.jpg?resize=300%2C230&amp;ssl=1 300w\" sizes=\"(max-width: 660px) 100vw, 660px\" data-recalc-dims=\"1\" \/><figcaption>Haus Massel, S\u00fcdseite, Foto ca. 1912<\/figcaption><\/figure>\n\n\n\n<p>Das Angerdorf Massel (Maslow) liegt ca 27 km n\u00f6rdlich von Breslau. Von dort w\u00e4hlt man die Stra\u00dfe nach Militsch (Milicz). Nach 21 km erreicht man die Kreisstadt Trebnitz (Trzebnica). Nach weiteren 5 km kommt rechterhand ein Abzweig nach Massel, das von hier nur noch 1 km entfernt liegt. In Massel mu\u00df man an der alten Dorfkirche links abbiegen nach Neuwalde (Blizocin), um am n\u00f6rdlichen Rand des Dorfes das ehemalige Gut zu finden.<\/p>\n\n\n\n<p>Die Besitzergeschichte von Massel l\u00e4sst sich zur\u00fcck bis ins 15. Jahrhundert gut verfolgen. Damals geh\u00f6rte es der Familie v. Kittlitz. Sp\u00e4ter erwarben es die Burggrafen v. Dohna, die es 1599 an die Familie v. Kreckwitz und Lancken ver\u00e4u\u00dferten. Diese gaben das Gut weiter an die v. Bethusy-Huc. Von denen erwarb es 1669 Friedrich Adam Jaroslaw v. Rothkirch (1.356). Er hat es offensichtlich nicht lange besessen, denn f\u00fcr die Jahre 1706 bis 1708 erw\u00e4hnt die Literatur den Bau und Neubau des Gutshauses durch Friedrich v. Kreckwitz und Lancken. Die v. Kreckwitz verkauften das Gut jedoch wieder; sp\u00e4tere Besitzer sind die Familie v. Kloch und abermals die Grafen v. Bethusy-Huc. Erst im Jahr 1869 erwarb Jaroslaw v. Rothkirch und Panthen (1.397) Gut und Haus erneut unserer Familie. Das Haus in Massel wurde von unseren Vorfahren nicht lange bewohnt. Jaroslaw starb 1893, sein Erbe, der als Kurt von Neurode schriftstellerisch bekannt gewordene Kurt Franz Friedrich Adolph Maria von Rothkirch und Panthen (1.422) bewohnte es nicht; erst ab 1900 lebten f\u00fcr 45 Jahre bis zur Vertreibung wieder Rothkirchs in dem Haus. Kurt gab das Gut an Kurt Wilhelm (1.477) weiter, der am 6. M\u00e4rz 1943 im Feldlazarett Stalino in der Ukraine seinen Verletzungen erlag. Dessen Erbe war sein Sohn Thilo Kurt Walter (1.516), der letzte deutsche Besitzer.<\/p>\n\n\n\n<p>Das Haus in Massel ist in den Jahren 1706 bis 1708 als ein einfacher barocker sechsachsiger und zweigeschossiger Bau mit gebrochenem Walmdach errichtet worden, von einem Wassergraben umgeben. Im Klassizismus, also der Zeit um 1800, kam der elegante, mit seinem Dreieckgiebel bis \u00fcber die Dachtraufe reichende, von vier S\u00e4ulen getragene Portikus hinzu. Hierdurch erhielt das urspr\u00fcnglich einfache Haus seine Noblesse. Das antikische M\u00e4andergesims zwischen den beiden Stockwerken sowie die Fruchtgeh\u00e4nge unterhalb der oberen Fenster stammen ebenfalls aus dieser Zeit. Die ionischen S\u00e4ulen lie\u00df man fast bis zur Unkenntlichkeit mit Efeu oder \u00e4hnlichem bewachsen. Dahinter verbarg sich auf die Art und Weise ein gem\u00fctlicher und viel benutzter Terrassenplatz, zu dem eine geschwungene Freitreppe f\u00fchrte.<\/p>\n\n\n\n<p>Rothkirchs haben an dem \u00c4u\u00dferen des Hauses bis auf den Bewuchs der S\u00e4ulen so gut wie nichts gestaltet, anders verhielt es sich dagegen im Inneren. Dies mag beispielhaft die sogenannte Diele bezeugen, die ganz im Stil des Historismus, wahrscheinlich durch Kurt (1.422) eingerichtet wurde. Dessen Erbe Kurt Wilhelm (I.477) lie\u00df nach 1900 den ehemaligen Wallgraben zusch\u00fctten; dabei fand man r\u00f6mische M\u00fcnzen, die auf ein fr\u00fcheres Siedlungsgebiet hindeuteten.<\/p>\n\n\n\n<figure class=\"wp-block-image size-large\"><img decoding=\"async\" loading=\"lazy\" width=\"660\" height=\"552\" src=\"https:\/\/i0.wp.com\/rot-h-kirch.de\/wp-content\/uploads\/2020\/07\/Photo616228664492_inner_76-167-720-160-67-714-741-714-scaled.jpg?resize=660%2C552&#038;ssl=1\" alt=\"\" class=\"wp-image-724\" srcset=\"https:\/\/i0.wp.com\/rot-h-kirch.de\/wp-content\/uploads\/2020\/07\/Photo616228664492_inner_76-167-720-160-67-714-741-714-scaled.jpg?w=2560&amp;ssl=1 2560w, https:\/\/i0.wp.com\/rot-h-kirch.de\/wp-content\/uploads\/2020\/07\/Photo616228664492_inner_76-167-720-160-67-714-741-714-scaled.jpg?resize=300%2C251&amp;ssl=1 300w, https:\/\/i0.wp.com\/rot-h-kirch.de\/wp-content\/uploads\/2020\/07\/Photo616228664492_inner_76-167-720-160-67-714-741-714-scaled.jpg?resize=1024%2C856&amp;ssl=1 1024w, https:\/\/i0.wp.com\/rot-h-kirch.de\/wp-content\/uploads\/2020\/07\/Photo616228664492_inner_76-167-720-160-67-714-741-714-scaled.jpg?resize=768%2C642&amp;ssl=1 768w, https:\/\/i0.wp.com\/rot-h-kirch.de\/wp-content\/uploads\/2020\/07\/Photo616228664492_inner_76-167-720-160-67-714-741-714-scaled.jpg?resize=1536%2C1284&amp;ssl=1 1536w, https:\/\/i0.wp.com\/rot-h-kirch.de\/wp-content\/uploads\/2020\/07\/Photo616228664492_inner_76-167-720-160-67-714-741-714-scaled.jpg?resize=2048%2C1713&amp;ssl=1 2048w, https:\/\/i0.wp.com\/rot-h-kirch.de\/wp-content\/uploads\/2020\/07\/Photo616228664492_inner_76-167-720-160-67-714-741-714-scaled.jpg?w=1320&amp;ssl=1 1320w, https:\/\/i0.wp.com\/rot-h-kirch.de\/wp-content\/uploads\/2020\/07\/Photo616228664492_inner_76-167-720-160-67-714-741-714-scaled.jpg?w=1980&amp;ssl=1 1980w\" sizes=\"(max-width: 660px) 100vw, 660px\" data-recalc-dims=\"1\" \/><figcaption>Haus Massel, Diele, Fotografie, ca. 1900<\/figcaption><\/figure>\n\n\n\n<p>Am 2. Juni 1945 wurde das Haus restlos zerst\u00f6rt; zu Kriegsende hatte noch eine SS-Einheit in Massel Quartier bezogen und damit wohl den Untergang des Hauses heraufbeschworen. Heute existiert dem ehemaligen Herrenhaus nur noch ein sich nicht mehr egalisierender Schutthaufen.<\/p>\n\n\n\n<figure class=\"wp-block-image size-large\"><img decoding=\"async\" loading=\"lazy\" width=\"660\" height=\"409\" src=\"https:\/\/i0.wp.com\/rot-h-kirch.de\/wp-content\/uploads\/2020\/07\/Photo616228681496_inner_61-152-720-152-43-574-741-570-scaled.jpg?resize=660%2C409&#038;ssl=1\" alt=\"\" class=\"wp-image-718\" srcset=\"https:\/\/i0.wp.com\/rot-h-kirch.de\/wp-content\/uploads\/2020\/07\/Photo616228681496_inner_61-152-720-152-43-574-741-570-scaled.jpg?w=2560&amp;ssl=1 2560w, https:\/\/i0.wp.com\/rot-h-kirch.de\/wp-content\/uploads\/2020\/07\/Photo616228681496_inner_61-152-720-152-43-574-741-570-scaled.jpg?resize=300%2C186&amp;ssl=1 300w, https:\/\/i0.wp.com\/rot-h-kirch.de\/wp-content\/uploads\/2020\/07\/Photo616228681496_inner_61-152-720-152-43-574-741-570-scaled.jpg?resize=1024%2C635&amp;ssl=1 1024w, https:\/\/i0.wp.com\/rot-h-kirch.de\/wp-content\/uploads\/2020\/07\/Photo616228681496_inner_61-152-720-152-43-574-741-570-scaled.jpg?resize=768%2C476&amp;ssl=1 768w, https:\/\/i0.wp.com\/rot-h-kirch.de\/wp-content\/uploads\/2020\/07\/Photo616228681496_inner_61-152-720-152-43-574-741-570-scaled.jpg?resize=1536%2C952&amp;ssl=1 1536w, https:\/\/i0.wp.com\/rot-h-kirch.de\/wp-content\/uploads\/2020\/07\/Photo616228681496_inner_61-152-720-152-43-574-741-570-scaled.jpg?resize=2048%2C1270&amp;ssl=1 2048w, https:\/\/i0.wp.com\/rot-h-kirch.de\/wp-content\/uploads\/2020\/07\/Photo616228681496_inner_61-152-720-152-43-574-741-570-scaled.jpg?resize=825%2C510&amp;ssl=1 825w, https:\/\/i0.wp.com\/rot-h-kirch.de\/wp-content\/uploads\/2020\/07\/Photo616228681496_inner_61-152-720-152-43-574-741-570-scaled.jpg?w=1320&amp;ssl=1 1320w, https:\/\/i0.wp.com\/rot-h-kirch.de\/wp-content\/uploads\/2020\/07\/Photo616228681496_inner_61-152-720-152-43-574-741-570-scaled.jpg?w=1980&amp;ssl=1 1980w\" sizes=\"(max-width: 660px) 100vw, 660px\" data-recalc-dims=\"1\" \/><figcaption>Haus Massel, 1945 zerst\u00f6rt, Foto Johanna v. Vo\u00df (I.566) 1978<\/figcaption><\/figure>\n\n\n\n<h3 class=\"wp-block-heading\">Die Patronatskirche<\/h3>\n\n\n\n<p>Von der ehemaligen Patronatskirche in Massel gibt es keine historischen Nachrichten. Sie stammt, wie viele schlesische Dorfkirchen, wahrscheinlich mindestens aus der gotischen Zeit. Im 17. oder 18. Jahrhundert wurde sie durch Fachwerkanbauten erweitert. Der dicke Glockenturm k\u00f6nnte in seinen Urspr\u00fcngen aus romanischer Zeit stammen. Er tr\u00e4gt eine barocke, durch Klangarkaden unterbrochene Dachhaube.<\/p>\n\n\n\n<figure class=\"wp-block-image size-large\"><img decoding=\"async\" loading=\"lazy\" width=\"660\" height=\"917\" src=\"https:\/\/i0.wp.com\/rot-h-kirch.de\/wp-content\/uploads\/2020\/07\/Photo616173291320_inner_123-101-638-101-99-847-659-843.jpg?resize=660%2C917&#038;ssl=1\" alt=\"\" class=\"wp-image-743\" srcset=\"https:\/\/i0.wp.com\/rot-h-kirch.de\/wp-content\/uploads\/2020\/07\/Photo616173291320_inner_123-101-638-101-99-847-659-843-scaled.jpg?resize=737%2C1024&amp;ssl=1 737w, https:\/\/i0.wp.com\/rot-h-kirch.de\/wp-content\/uploads\/2020\/07\/Photo616173291320_inner_123-101-638-101-99-847-659-843-scaled.jpg?resize=216%2C300&amp;ssl=1 216w, https:\/\/i0.wp.com\/rot-h-kirch.de\/wp-content\/uploads\/2020\/07\/Photo616173291320_inner_123-101-638-101-99-847-659-843-scaled.jpg?resize=768%2C1066&amp;ssl=1 768w, https:\/\/i0.wp.com\/rot-h-kirch.de\/wp-content\/uploads\/2020\/07\/Photo616173291320_inner_123-101-638-101-99-847-659-843-scaled.jpg?resize=1106%2C1536&amp;ssl=1 1106w, https:\/\/i0.wp.com\/rot-h-kirch.de\/wp-content\/uploads\/2020\/07\/Photo616173291320_inner_123-101-638-101-99-847-659-843-scaled.jpg?resize=1475%2C2048&amp;ssl=1 1475w, https:\/\/i0.wp.com\/rot-h-kirch.de\/wp-content\/uploads\/2020\/07\/Photo616173291320_inner_123-101-638-101-99-847-659-843-scaled.jpg?w=1844&amp;ssl=1 1844w, https:\/\/i0.wp.com\/rot-h-kirch.de\/wp-content\/uploads\/2020\/07\/Photo616173291320_inner_123-101-638-101-99-847-659-843-scaled.jpg?w=1320&amp;ssl=1 1320w\" sizes=\"(max-width: 660px) 100vw, 660px\" data-recalc-dims=\"1\" \/><figcaption>Haus Massel, Patronatskirche, Foto ca. 1912<\/figcaption><\/figure>\n\n\n\n<p>Im Jahr 1983 befand sich die Kirche in einem desolaten Zustand; ihr Eingang war verbrettert. Die au\u00dfen angebrachten Grabplatten gab es noch. Die auf dem Friedhof befindliche Familiengruft hatte man aufgebrochen; in ihrem Inneren war ein Kreuz zu erkennen. Die \u00fcbrigen Gr\u00e4ber machten einen ungepflegten Eindruck.<\/p>\n\n\n\n<figure class=\"wp-block-image size-large\"><img decoding=\"async\" loading=\"lazy\" width=\"660\" height=\"901\" src=\"https:\/\/i0.wp.com\/rot-h-kirch.de\/wp-content\/uploads\/2020\/07\/Photo616173301110_inner_8-23-738-23-8-976-738-976.jpg?resize=660%2C901&#038;ssl=1\" alt=\"\" class=\"wp-image-744\" srcset=\"https:\/\/i0.wp.com\/rot-h-kirch.de\/wp-content\/uploads\/2020\/07\/Photo616173301110_inner_8-23-738-23-8-976-738-976-scaled.jpg?resize=750%2C1024&amp;ssl=1 750w, https:\/\/i0.wp.com\/rot-h-kirch.de\/wp-content\/uploads\/2020\/07\/Photo616173301110_inner_8-23-738-23-8-976-738-976-scaled.jpg?resize=220%2C300&amp;ssl=1 220w, https:\/\/i0.wp.com\/rot-h-kirch.de\/wp-content\/uploads\/2020\/07\/Photo616173301110_inner_8-23-738-23-8-976-738-976-scaled.jpg?resize=768%2C1049&amp;ssl=1 768w, https:\/\/i0.wp.com\/rot-h-kirch.de\/wp-content\/uploads\/2020\/07\/Photo616173301110_inner_8-23-738-23-8-976-738-976-scaled.jpg?resize=1125%2C1536&amp;ssl=1 1125w, https:\/\/i0.wp.com\/rot-h-kirch.de\/wp-content\/uploads\/2020\/07\/Photo616173301110_inner_8-23-738-23-8-976-738-976-scaled.jpg?resize=1500%2C2048&amp;ssl=1 1500w, https:\/\/i0.wp.com\/rot-h-kirch.de\/wp-content\/uploads\/2020\/07\/Photo616173301110_inner_8-23-738-23-8-976-738-976-scaled.jpg?w=1875&amp;ssl=1 1875w, https:\/\/i0.wp.com\/rot-h-kirch.de\/wp-content\/uploads\/2020\/07\/Photo616173301110_inner_8-23-738-23-8-976-738-976-scaled.jpg?w=1320&amp;ssl=1 1320w\" sizes=\"(max-width: 660px) 100vw, 660px\" data-recalc-dims=\"1\" \/><figcaption>Massel, Topographische Karte 1:25.000<\/figcaption><\/figure>\n\n\n\n<p><strong>Literatur<\/strong><\/p>\n\n\n\n<p>Sybille Gr\u00e4fin von Stosch geb. von Rothkirch und Panthen (1.476): Bericht \u00fcber Besitz und Haus Massel. Unver\u00f6ffentlichtes Manuskript o.O. 25.11.1978.<\/p>\n\n\n\n<p>Josef von Golitschek: Schlesien &#8211; Land der Schl\u00f6sser. Mannheim 1978.&nbsp;<\/p>\n\n\n\n<p>Valerius Freiherr von Rothkirch und Panthen (1.407): Stammbuch des Geschlechts von Rothkirch, Breslau, Joseph Max &amp; Comp. 1879.<\/p>\n\n\n\n<p>Johanna von Vo\u00df geb. von Rothkirch und Panthen (I.566): Bericht \u00fcber die Reise nach Schlesien. Unver\u00f6ffentlichtes Manuskript o.0. 1983.&nbsp;<\/p>\n\n\n\n<p>Bundesanstalt f\u00fcr Landeskunde (Hrsg.): Amtliches Gemeinde- und Ortsnamenverzeichnis der deutschen Ostgebiete unter fremder Verwaltung, Band II und III. Remagen 1955.<\/p>\n","protected":false},"excerpt":{"rendered":"<p>Das Angerdorf Massel (Maslow) liegt ca 27 km n\u00f6rdlich von Breslau. Von dort w\u00e4hlt man die Stra\u00dfe nach Militsch (Milicz). Nach 21 km erreicht man die Kreisstadt Trebnitz (Trzebnica). Nach weiteren 5 km kommt rechterhand ein Abzweig nach Massel, das von hier nur noch 1 km entfernt liegt. In Massel mu\u00df man an der alten &hellip; <a href=\"https:\/\/rot-h-kirch.de\/?page_id=595\" class=\"more-link\"><span class=\"screen-reader-text\">Massel<\/span> weiterlesen<\/a><\/p>\n","protected":false},"author":1,"featured_media":0,"parent":0,"menu_order":0,"comment_status":"closed","ping_status":"closed","template":"","meta":{"footnotes":""},"_links":{"self":[{"href":"https:\/\/rot-h-kirch.de\/index.php?rest_route=\/wp\/v2\/pages\/595"}],"collection":[{"href":"https:\/\/rot-h-kirch.de\/index.php?rest_route=\/wp\/v2\/pages"}],"about":[{"href":"https:\/\/rot-h-kirch.de\/index.php?rest_route=\/wp\/v2\/types\/page"}],"author":[{"embeddable":true,"href":"https:\/\/rot-h-kirch.de\/index.php?rest_route=\/wp\/v2\/users\/1"}],"replies":[{"embeddable":true,"href":"https:\/\/rot-h-kirch.de\/index.php?rest_route=%2Fwp%2Fv2%2Fcomments&post=595"}],"version-history":[{"count":17,"href":"https:\/\/rot-h-kirch.de\/index.php?rest_route=\/wp\/v2\/pages\/595\/revisions"}],"predecessor-version":[{"id":746,"href":"https:\/\/rot-h-kirch.de\/index.php?rest_route=\/wp\/v2\/pages\/595\/revisions\/746"}],"wp:attachment":[{"href":"https:\/\/rot-h-kirch.de\/index.php?rest_route=%2Fwp%2Fv2%2Fmedia&parent=595"}],"curies":[{"name":"wp","href":"https:\/\/api.w.org\/{rel}","templated":true}]}}