{"id":219,"date":"2015-01-29T21:32:40","date_gmt":"2015-01-29T21:32:40","guid":{"rendered":"http:\/\/www.headshock.de\/vonrothkirch\/?page_id=219"},"modified":"2023-03-11T14:20:28","modified_gmt":"2023-03-11T14:20:28","slug":"die-vettern-von-walstatt","status":"publish","type":"page","link":"https:\/\/rot-h-kirch.de\/?page_id=219","title":{"rendered":"Die Vettern von Wahlstatt"},"content":{"rendered":"<p><a href=\"https:\/\/i0.wp.com\/www.vonrothkirch.de\/vonrothkirch\/wp-content\/uploads\/2015\/01\/Bildschirmfoto-2015-01-31-um-19.36.11.jpg\"><img decoding=\"async\" loading=\"lazy\" class=\"alignnone size-medium wp-image-279\" src=\"https:\/\/i0.wp.com\/www.vonrothkirch.de\/vonrothkirch\/wp-content\/uploads\/2015\/01\/Bildschirmfoto-2015-01-31-um-19.36.11-300x214.jpg?resize=300%2C214\" alt=\"Bildschirmfoto 2015-01-31 um 19.36.11\" width=\"300\" height=\"214\" srcset=\"https:\/\/i0.wp.com\/rot-h-kirch.de\/wp-content\/uploads\/2015\/01\/Bildschirmfoto-2015-01-31-um-19.36.11.jpg?resize=300%2C214&amp;ssl=1 300w, https:\/\/i0.wp.com\/rot-h-kirch.de\/wp-content\/uploads\/2015\/01\/Bildschirmfoto-2015-01-31-um-19.36.11.jpg?resize=1024%2C732&amp;ssl=1 1024w, https:\/\/i0.wp.com\/rot-h-kirch.de\/wp-content\/uploads\/2015\/01\/Bildschirmfoto-2015-01-31-um-19.36.11.jpg?w=1774&amp;ssl=1 1774w, https:\/\/i0.wp.com\/rot-h-kirch.de\/wp-content\/uploads\/2015\/01\/Bildschirmfoto-2015-01-31-um-19.36.11.jpg?w=1320&amp;ssl=1 1320w\" sizes=\"(max-width: 300px) 100vw, 300px\" data-recalc-dims=\"1\" \/><\/a><\/p>\n<p>Am 9. April 1241 unterlag ein polnisch-deutsches Ritterheer unter dem Kommando des schlesischen Herzogs Heinrich II., des Sohnes der hl. Hedwig, in der Schlacht auf der Wahlstatt bei Liegnitz der \u00dcbermacht eines mongolischen Reiterheeres. Da die Mongolen sich trotz ihres Sieges anschlie\u00dfend zu ihrem Hauptheer nach Ungarn zur\u00fcckzogen, galt die Schlacht als erfolgreiche Verteidigung des christlichen Abendlandes.<\/p>\n<p>Der \u00dcberlieferung nach verloren in der Schlacht von Wahlstatt 34 Rothkirchs das Leben.<br>\nAn der Wiege des letzten nach der Schlacht geborenen m\u00e4nnlichen Rothkirchs sollen ihm am Jahrestag, also im Jahr 1242, an seiner Wiege Angeh\u00f6rige der Familien Nostiz, Prittwitz, Zedlitz, Seydlitz und Strachwitz ewige Vettern (Paten-)schaft geschworen haben. Schriftliche Zeugnisse dar\u00fcber existieren nicht, jedoch war die \u00dcberlieferung der &#8222;Vettern von Wahlstatt&#8220; in Schlesien allgemein bekannt &#8211; auch als literarisches Motiv.<\/p>\n<p><a href=\"https:\/\/rot-h-kirch.de\/?attachment_id=25\" rel=\"attachment wp-att-25\"><img decoding=\"async\" loading=\"lazy\" class=\"alignnone  wp-image-25\" src=\"https:\/\/i0.wp.com\/rot-h-kirch.de\/wp-content\/uploads\/2015\/01\/124_436.jpg?resize=515%2C371&#038;ssl=1\" alt=\"\" width=\"515\" height=\"371\" srcset=\"https:\/\/i0.wp.com\/rot-h-kirch.de\/wp-content\/uploads\/2015\/01\/124_436.jpg?resize=300%2C216&amp;ssl=1 300w, https:\/\/i0.wp.com\/rot-h-kirch.de\/wp-content\/uploads\/2015\/01\/124_436.jpg?w=436&amp;ssl=1 436w\" sizes=\"(max-width: 515px) 100vw, 515px\" data-recalc-dims=\"1\" \/><\/a><\/p>\n<p>Die Mongolenschlacht bei Liegnitz 1241, \u00d6lgem\u00e4lde von Sybille v. Prittwitz (1913-2007)<\/p>\n<p>Auf Initiative von Karl-Christoph Graf Rothkirch-Trach, Wolfram Freiherr v. Strachwitz und Sigismund Freiherr v. Zedlitz fand &#8211; nach mehreren vorbereitenden Treffen &#8211; zum 750j\u00e4hrigen Jubil\u00e4um der Schlacht im Mai 1991 eine Gedenkveranstaltung in Fulda mit gro\u00dfer Beteiligung der Vetternfamilien statt. Vertreter der Vettern nahmen &#8211; auch in Folgejahren &#8211; an den Gedenkfeierlichkeiten in Wahlstatt teil. In Deutschland und Polen erschien eine gemeinsame Sonderbriefmarke mit einem Motiv der Schlacht. Eine Festschrift, von Ulrich Schmilewski herausgegeben, erschien im Bergstadtverlag Wilhelm, Gottlieb Korn, W\u00fcrzburg.<\/p>\n<p>Im September 2006 trafen sich 220 Angeh\u00f6rige der Vetternfamilien in Liegnitz, unter anderem zu einem offiziellen Empfang durch die Stadt Liegnitz und zu einem \u00f6kumenischen Gottesdienst mit einer Predigt in deutscher Sprache, gehalten vom Liegnitzer Bischof Cichy. Im Juni 2016 wurde im bayerischen Kloster Andechs ein weiteres Treffen der Vettern von Wahlstatt mit mehr als 200 Teilnehmern gefeiert.<br>\nSo mag die Vetternschaft von Wahlstatt ein Beitrag zur Zukunftsgestaltung des vereinten Europas sein.<\/p>\n<p><a href=\"http:\/\/www.stern.de\/politik\/geschichte\/vettern-von-wahlstatt-800-jahre-und-kein-bisschen-feinde-591899.html\" target=\"_blank\" rel=\"noopener\">Bericht im STERN&nbsp;von 2007<\/a><\/p>\n\n\n<figure class=\"wp-block-image size-full is-resized\"><a href=\"https:\/\/i0.wp.com\/rot-h-kirch.de\/wp-content\/uploads\/2015\/01\/127_436.jpg?ssl=1\"><img decoding=\"async\" loading=\"lazy\" src=\"https:\/\/i0.wp.com\/rot-h-kirch.de\/wp-content\/uploads\/2015\/01\/127_436.jpg?resize=610%2C164&#038;ssl=1\" alt=\"\" class=\"wp-image-26\" width=\"610\" height=\"164\" srcset=\"https:\/\/i0.wp.com\/rot-h-kirch.de\/wp-content\/uploads\/2015\/01\/127_436.jpg?w=436&amp;ssl=1 436w, https:\/\/i0.wp.com\/rot-h-kirch.de\/wp-content\/uploads\/2015\/01\/127_436.jpg?resize=300%2C81&amp;ssl=1 300w\" sizes=\"(max-width: 610px) 100vw, 610px\" data-recalc-dims=\"1\" \/><\/a><figcaption><strong>Wappen der Familien Nostitz, Prittwitz, Rothkirch, Seydlitz, Strachwitz, Zedlitz<\/strong><\/figcaption><\/figure>\n\n\n\n<p><\/p>\n\n\n\n<p><a href=\"https:\/\/www.mongolei.org\/resources\/Reisejournal_2014.pdf\">&#8222;Reise zum Mittelpunkt der Welt&#8220; von Doris G\u00f6tting<\/a><\/p>\n\n\n\n<p>Bericht \u00fcber eine Mongolei-Reise im Jahr 2014 mit Hintergr\u00fcnden zur Schlacht von Wahlstatt<\/p>\n\n\n\n<p><\/p>\n","protected":false},"excerpt":{"rendered":"<p>Am 9. April 1241 unterlag ein polnisch-deutsches Ritterheer unter dem Kommando des schlesischen Herzogs Heinrich II., des Sohnes der hl. Hedwig, in der Schlacht auf der Wahlstatt bei Liegnitz der \u00dcbermacht eines mongolischen Reiterheeres. Da die Mongolen sich trotz ihres Sieges anschlie\u00dfend zu ihrem Hauptheer nach Ungarn zur\u00fcckzogen, galt die Schlacht als erfolgreiche Verteidigung des &hellip; <a href=\"https:\/\/rot-h-kirch.de\/?page_id=219\" class=\"more-link\"><span class=\"screen-reader-text\">Die Vettern von Wahlstatt<\/span> weiterlesen<\/a><\/p>\n","protected":false},"author":1,"featured_media":0,"parent":11,"menu_order":0,"comment_status":"closed","ping_status":"closed","template":"","meta":{"footnotes":""},"_links":{"self":[{"href":"https:\/\/rot-h-kirch.de\/index.php?rest_route=\/wp\/v2\/pages\/219"}],"collection":[{"href":"https:\/\/rot-h-kirch.de\/index.php?rest_route=\/wp\/v2\/pages"}],"about":[{"href":"https:\/\/rot-h-kirch.de\/index.php?rest_route=\/wp\/v2\/types\/page"}],"author":[{"embeddable":true,"href":"https:\/\/rot-h-kirch.de\/index.php?rest_route=\/wp\/v2\/users\/1"}],"replies":[{"embeddable":true,"href":"https:\/\/rot-h-kirch.de\/index.php?rest_route=%2Fwp%2Fv2%2Fcomments&post=219"}],"version-history":[{"count":15,"href":"https:\/\/rot-h-kirch.de\/index.php?rest_route=\/wp\/v2\/pages\/219\/revisions"}],"predecessor-version":[{"id":984,"href":"https:\/\/rot-h-kirch.de\/index.php?rest_route=\/wp\/v2\/pages\/219\/revisions\/984"}],"up":[{"embeddable":true,"href":"https:\/\/rot-h-kirch.de\/index.php?rest_route=\/wp\/v2\/pages\/11"}],"wp:attachment":[{"href":"https:\/\/rot-h-kirch.de\/index.php?rest_route=%2Fwp%2Fv2%2Fmedia&parent=219"}],"curies":[{"name":"wp","href":"https:\/\/api.w.org\/{rel}","templated":true}]}}